{"id":299,"date":"2026-03-12T17:06:19","date_gmt":"2026-03-12T14:06:19","guid":{"rendered":"https:\/\/www.ahmetarat.com\/?page_id=299"},"modified":"2026-03-13T23:09:41","modified_gmt":"2026-03-13T20:09:41","slug":"is-adami-ahmet-arat","status":"publish","type":"page","link":"https:\/\/www.ahmetarat.com\/index.php\/is-adami-ahmet-arat\/","title":{"rendered":"\u0130\u015f Adam\u0131 Ahmet Arat"},"content":{"rendered":"\n<p>Ahmet Arat, i\u015f ya\u015fam\u0131n\u0131, karde\u015fi Levent Arat\u2019la birlikte, i\u015f payla\u015f\u0131m\u0131 yaparak devam ettirmektedir.<\/p>\n\n\n\n<p>Ahmet Arat ve ailesinin ula\u015f\u0131m sekt\u00f6r\u00fcnde birlikte olu\u015fturdu\u011fu \u201cTokat Seyahat\u201d markas\u0131 bug\u00fcn t\u00fcm T\u00fcrkiye\u2019de tan\u0131nmaktad\u0131r.<\/p>\n\n\n\n<p>A Grubu Seyahat Acentesi \u201cKomana Tur\u201d ile de turizm sekt\u00f6r\u00fcnde de faaliyette bulunan Ahmet Arat, ula\u015f\u0131m ve turizm sekt\u00f6r\u00fcnde y\u00f6resinde bilenen ve tercih edilen bir konumdad\u0131r.<\/p>\n\n\n\n<p>\u0130\u015f ya\u015fam\u0131nda pozitif \u00e7a\u011fr\u0131\u015f\u0131mlara ve k\u00fclt\u00fcrel yakla\u015f\u0131mlara \u00f6nem veren Ahmet Arat, Tema, K\u0131z\u0131lay, Tokat Sivil Toplum \u00d6rg\u00fctleri i\u015fbirli\u011fi yapmakta, \u00e7evrenin, ekonominin ve \u015fehrin geli\u015fimine hizmet eden projelere \u00f6nemli destek ve katk\u0131 sa\u011flamaktad\u0131r.<\/p>\n\n\n\n<figure class=\"wp-block-image size-large\"><img loading=\"lazy\" decoding=\"async\" width=\"1024\" height=\"682\" src=\"https:\/\/www.ahmetarat.com\/wp-content\/uploads\/2026\/03\/IMG_7732-1409-x-939-1024x682.jpg\" alt=\"\" class=\"wp-image-686\" srcset=\"https:\/\/www.ahmetarat.com\/wp-content\/uploads\/2026\/03\/IMG_7732-1409-x-939-1024x682.jpg 1024w, https:\/\/www.ahmetarat.com\/wp-content\/uploads\/2026\/03\/IMG_7732-1409-x-939-300x200.jpg 300w, https:\/\/www.ahmetarat.com\/wp-content\/uploads\/2026\/03\/IMG_7732-1409-x-939-768x512.jpg 768w, https:\/\/www.ahmetarat.com\/wp-content\/uploads\/2026\/03\/IMG_7732-1409-x-939.jpg 1409w\" sizes=\"auto, (max-width: 1024px) 100vw, 1024px\" \/><\/figure>\n","protected":false},"excerpt":{"rendered":"<p>Ahmet Arat, i\u015f ya\u015fam\u0131n\u0131, karde\u015fi Levent Arat\u2019la birlikte, i\u015f payla\u015f\u0131m\u0131 yaparak devam ettirmektedir. Ahmet Arat ve ailesinin ula\u015f\u0131m sekt\u00f6r\u00fcnde birlikte olu\u015fturdu\u011fu \u201cTokat Seyahat\u201d markas\u0131 bug\u00fcn t\u00fcm T\u00fcrkiye\u2019de tan\u0131nmaktad\u0131r. A Grubu Seyahat Acentesi \u201cKomana Tur\u201d ile de turizm sekt\u00f6r\u00fcnde de faaliyette bulunan Ahmet Arat, ula\u015f\u0131m ve turizm sekt\u00f6r\u00fcnde y\u00f6resinde bilenen ve tercih edilen bir konumdad\u0131r. \u0130\u015f [&hellip;]<\/p>\n","protected":false},"author":1,"featured_media":0,"parent":0,"menu_order":0,"comment_status":"closed","ping_status":"closed","template":"","meta":{"footnotes":""},"class_list":["post-299","page","type-page","status-publish","hentry"],"_links":{"self":[{"href":"https:\/\/www.ahmetarat.com\/index.php\/wp-json\/wp\/v2\/pages\/299","targetHints":{"allow":["GET"]}}],"collection":[{"href":"https:\/\/www.ahmetarat.com\/index.php\/wp-json\/wp\/v2\/pages"}],"about":[{"href":"https:\/\/www.ahmetarat.com\/index.php\/wp-json\/wp\/v2\/types\/page"}],"author":[{"embeddable":true,"href":"https:\/\/www.ahmetarat.com\/index.php\/wp-json\/wp\/v2\/users\/1"}],"replies":[{"embeddable":true,"href":"https:\/\/www.ahmetarat.com\/index.php\/wp-json\/wp\/v2\/comments?post=299"}],"version-history":[{"count":2,"href":"https:\/\/www.ahmetarat.com\/index.php\/wp-json\/wp\/v2\/pages\/299\/revisions"}],"predecessor-version":[{"id":687,"href":"https:\/\/www.ahmetarat.com\/index.php\/wp-json\/wp\/v2\/pages\/299\/revisions\/687"}],"wp:attachment":[{"href":"https:\/\/www.ahmetarat.com\/index.php\/wp-json\/wp\/v2\/media?parent=299"}],"curies":[{"name":"wp","href":"https:\/\/api.w.org\/{rel}","templated":true}]}}